{"id":7,"date":"2017-08-25T13:39:46","date_gmt":"2017-08-25T11:39:46","guid":{"rendered":"http:\/\/luketenantstudios.tk\/?page_id=7"},"modified":"2017-10-23T11:42:12","modified_gmt":"2017-10-23T09:42:12","slug":"startseite","status":"publish","type":"page","link":"https:\/\/luketenantstudios.ch\/","title":{"rendered":"Startseite"},"content":{"rendered":"<p>Hier erfahrt Ihr alles \u00fcber meine Aktivit\u00e4ten auf Youtube und k\u00f6nnt sogar Kommentare und Bewertungen hinterlassen. Ich arbeite noch an einem Forum f\u00fcr alle, bei dem jeder eine Frage an mich und an alle anderen stellen kann. Viel SPass \ud83d\ude42<\/p>\n","protected":false},"excerpt":{"rendered":"<p>Hier erfahrt Ihr alles \u00fcber meine Aktivit\u00e4ten auf Youtube und k\u00f6nnt sogar Kommentare und Bewertungen hinterlassen. Ich arbeite noch an einem Forum f\u00fcr alle, bei dem jeder eine Frage an mich und an alle anderen stellen kann. Viel SPass \ud83d\ude42<\/p>\n","protected":false},"author":1,"featured_media":0,"parent":0,"menu_order":0,"comment_status":"closed","ping_status":"closed","template":"","meta":{"_bbp_topic_count":0,"_bbp_reply_count":0,"_bbp_total_topic_count":0,"_bbp_total_reply_count":0,"_bbp_voice_count":0,"_bbp_anonymous_reply_count":0,"_bbp_topic_count_hidden":0,"_bbp_reply_count_hidden":0,"_bbp_forum_subforum_count":0,"jetpack_post_was_ever_published":false,"footnotes":""},"class_list":["post-7","page","type-page","status-publish","hentry"],"jetpack_sharing_enabled":true,"jetpack_shortlink":"https:\/\/wp.me\/Pa8QoD-7","_links":{"self":[{"href":"https:\/\/luketenantstudios.ch\/index.php?rest_route=\/wp\/v2\/pages\/7","targetHints":{"allow":["GET"]}}],"collection":[{"href":"https:\/\/luketenantstudios.ch\/index.php?rest_route=\/wp\/v2\/pages"}],"about":[{"href":"https:\/\/luketenantstudios.ch\/index.php?rest_route=\/wp\/v2\/types\/page"}],"author":[{"embeddable":true,"href":"https:\/\/luketenantstudios.ch\/index.php?rest_route=\/wp\/v2\/users\/1"}],"replies":[{"embeddable":true,"href":"https:\/\/luketenantstudios.ch\/index.php?rest_route=%2Fwp%2Fv2%2Fcomments&post=7"}],"version-history":[{"count":2,"href":"https:\/\/luketenantstudios.ch\/index.php?rest_route=\/wp\/v2\/pages\/7\/revisions"}],"predecessor-version":[{"id":180,"href":"https:\/\/luketenantstudios.ch\/index.php?rest_route=\/wp\/v2\/pages\/7\/revisions\/180"}],"wp:attachment":[{"href":"https:\/\/luketenantstudios.ch\/index.php?rest_route=%2Fwp%2Fv2%2Fmedia&parent=7"}],"curies":[{"name":"wp","href":"https:\/\/api.w.org\/{rel}","templated":true}]}}