{"id":8,"date":"2017-08-25T13:39:46","date_gmt":"2017-08-25T11:39:46","guid":{"rendered":"http:\/\/luketenantstudios.tk\/?page_id=8"},"modified":"2017-10-23T12:45:53","modified_gmt":"2017-10-23T10:45:53","slug":"ueber-uns","status":"publish","type":"page","link":"https:\/\/luketenantstudios.ch\/?page_id=8","title":{"rendered":"\u00dcber Mich  :)"},"content":{"rendered":"<p>M\u00f6glicherweise sind Sie k\u00fcnstlerisch t\u00e4tig und m\u00f6chten sich und Ihre Arbeiten hier vorstellen. Oder haben Sie vielleicht ein Business mit einer Mission, die es zu beschreiben gilt?<\/p>\n","protected":false},"excerpt":{"rendered":"<p>M\u00f6glicherweise sind Sie k\u00fcnstlerisch t\u00e4tig und m\u00f6chten sich und Ihre Arbeiten hier vorstellen. Oder haben Sie vielleicht ein Business mit einer Mission, die es zu beschreiben gilt?<\/p>\n","protected":false},"author":1,"featured_media":65,"parent":0,"menu_order":0,"comment_status":"closed","ping_status":"closed","template":"","meta":{"_bbp_topic_count":0,"_bbp_reply_count":0,"_bbp_total_topic_count":0,"_bbp_total_reply_count":0,"_bbp_voice_count":0,"_bbp_anonymous_reply_count":0,"_bbp_topic_count_hidden":0,"_bbp_reply_count_hidden":0,"_bbp_forum_subforum_count":0,"jetpack_post_was_ever_published":false,"footnotes":""},"class_list":["post-8","page","type-page","status-publish","has-post-thumbnail","hentry"],"jetpack_sharing_enabled":true,"jetpack_shortlink":"https:\/\/wp.me\/Pa8QoD-8","_links":{"self":[{"href":"https:\/\/luketenantstudios.ch\/index.php?rest_route=\/wp\/v2\/pages\/8","targetHints":{"allow":["GET"]}}],"collection":[{"href":"https:\/\/luketenantstudios.ch\/index.php?rest_route=\/wp\/v2\/pages"}],"about":[{"href":"https:\/\/luketenantstudios.ch\/index.php?rest_route=\/wp\/v2\/types\/page"}],"author":[{"embeddable":true,"href":"https:\/\/luketenantstudios.ch\/index.php?rest_route=\/wp\/v2\/users\/1"}],"replies":[{"embeddable":true,"href":"https:\/\/luketenantstudios.ch\/index.php?rest_route=%2Fwp%2Fv2%2Fcomments&post=8"}],"version-history":[{"count":3,"href":"https:\/\/luketenantstudios.ch\/index.php?rest_route=\/wp\/v2\/pages\/8\/revisions"}],"predecessor-version":[{"id":182,"href":"https:\/\/luketenantstudios.ch\/index.php?rest_route=\/wp\/v2\/pages\/8\/revisions\/182"}],"wp:featuredmedia":[{"embeddable":true,"href":"https:\/\/luketenantstudios.ch\/index.php?rest_route=\/wp\/v2\/media\/65"}],"wp:attachment":[{"href":"https:\/\/luketenantstudios.ch\/index.php?rest_route=%2Fwp%2Fv2%2Fmedia&parent=8"}],"curies":[{"name":"wp","href":"https:\/\/api.w.org\/{rel}","templated":true}]}}